{"id":78,"date":"2025-03-30T15:33:26","date_gmt":"2025-03-30T15:33:26","guid":{"rendered":"https:\/\/sheyarte.com\/?page_id=78"},"modified":"2025-04-26T10:51:05","modified_gmt":"2025-04-26T10:51:05","slug":"services","status":"publish","type":"page","link":"https:\/\/sheyarte.com\/es\/services\/","title":{"rendered":"Servicios"},"content":{"rendered":"<section class=\"section\" id=\"section_1159383908\">\n\t\t<div class=\"bg section-bg fill bg-fill  bg-loaded\" >\n\n\t\t\t\n\t\t\t\n\t\t\t\n\n\t\t<\/div><!-- .section-bg -->\n\n\t\t<div class=\"section-content relative\">\n\t\t\t\n\n<div class=\"row align-middle align-center\"  id=\"row-669127299\">\n\n<div class=\"col medium-8 small-12 large-8\"  ><div class=\"col-inner\"  >\n\n<div class=\"container section-title-container\" ><h1 class=\"section-title section-title-center\"><b><\/b><span class=\"section-title-main\" style=\"font-size:119%;\">Servicios<\/span><b><\/b><\/h1><\/div><!-- .section-title -->\n\n<p>Nos enfocamos en brindar experiencias de transformaci\u00f3n y renovaci\u00f3n para cada uno de nuestros clientes. Nuestro equipo de expertos en belleza est\u00e1 comprometido con la calidad y la innovaci\u00f3n, ofreciendo una amplia gama de servicios dise\u00f1ados para satisfacer tus necesidades y deseos<\/p>\n\n<\/div><\/div>\n\n\n<style scope=\"scope\">\n\n<\/style>\n<\/div>\n\n\t\t<\/div><!-- .section-content -->\n\n\t\t\n<style scope=\"scope\">\n\n#section_1159383908 {\n  padding-top: 30px;\n  padding-bottom: 30px;\n}\n<\/style>\n\t<\/section>\n\t\n\t<section class=\"section\" id=\"section_194458682\">\n\t\t<div class=\"bg section-bg fill bg-fill  bg-loaded\" >\n\n\t\t\t\n\t\t\t\n\t\t\t\n\n\t\t<\/div><!-- .section-bg -->\n\n\t\t<div class=\"section-content relative\">\n\t\t\t\n\n<div class=\"row align-middle align-center\"  id=\"row-436913639\">\n\n<div class=\"col medium-4 small-12 large-4\"  ><div class=\"col-inner\"  >\n\n<h2><strong>Maquillaje<\/strong><\/h2>\n<p>Deslumbra con una apariencia impresionante, nuestros artistas de maquillaje te ayudar\u00e1n a realzar tus rasgos y sentirte segura y hermosa<\/p>\n<a class=\"button primary\"  style=\"border-radius:99px;\">\n    <span>M\u00e1s informaci\u00f3n<\/span>\n  <\/a>\n\n\n\n<\/div><\/div>\n<div class=\"col medium-5 small-12 large-5\"  ><div class=\"col-inner text-center\"  >\n\n<div class=\"slider-wrapper relative\" id=\"slider-548026975\" >\n    <div class=\"slider slider-nav-circle slider-nav-large slider-nav-light slider-style-normal\"\n        data-flickity-options='{            \"cellAlign\": \"center\",            \"imagesLoaded\": true,            \"lazyLoad\": 1,            \"freeScroll\": false,            \"wrapAround\": true,            \"autoPlay\": 6000,            \"pauseAutoPlayOnHover\" : true,            \"prevNextButtons\": true,            \"contain\" : true,            \"adaptiveHeight\" : true,            \"dragThreshold\" : 10,            \"percentPosition\": true,            \"pageDots\": true,            \"rightToLeft\": false,            \"draggable\": true,            \"selectedAttraction\": 0.1,            \"parallax\" : 0,            \"friction\": 0.6        }'\n        >\n        \n\n\t<div class=\"img has-hover x md-x lg-x y md-y lg-y\" id=\"image_211743363\">\n\t\t\t\t\t\t\t\t<div class=\"img-inner dark\" >\n\t\t\t<img loading=\"lazy\" decoding=\"async\" width=\"601\" height=\"701\" src=\"https:\/\/sheyarte.com\/wp-content\/uploads\/2025\/04\/Mesa-de-trabajo-1-copia-12.png\" class=\"attachment-original size-original\" alt=\"\" srcset=\"https:\/\/sheyarte.com\/wp-content\/uploads\/2025\/04\/Mesa-de-trabajo-1-copia-12.png 601w, https:\/\/sheyarte.com\/wp-content\/uploads\/2025\/04\/Mesa-de-trabajo-1-copia-12-510x595.png 510w, https:\/\/sheyarte.com\/wp-content\/uploads\/2025\/04\/Mesa-de-trabajo-1-copia-12-343x400.png 343w\" sizes=\"auto, (max-width: 601px) 100vw, 601px\" \/>\t\t\t\t\t\t\n\t\t\t\t\t<\/div>\n\t\t\t\t\t\t\t\t\n<style scope=\"scope\">\n\n#image_211743363 {\n  width: 100%;\n}\n<\/style>\n\t<\/div>\n\t\n\n\t<div class=\"img has-hover x md-x lg-x y md-y lg-y\" id=\"image_453741602\">\n\t\t\t\t\t\t\t\t<div class=\"img-inner dark\" >\n\t\t\t<img loading=\"lazy\" decoding=\"async\" width=\"600\" height=\"701\" src=\"https:\/\/sheyarte.com\/wp-content\/uploads\/2025\/04\/Mesa-de-trabajo-1-copia-2-1.png\" class=\"attachment-original size-original\" alt=\"\" srcset=\"https:\/\/sheyarte.com\/wp-content\/uploads\/2025\/04\/Mesa-de-trabajo-1-copia-2-1.png 600w, https:\/\/sheyarte.com\/wp-content\/uploads\/2025\/04\/Mesa-de-trabajo-1-copia-2-1-510x596.png 510w, https:\/\/sheyarte.com\/wp-content\/uploads\/2025\/04\/Mesa-de-trabajo-1-copia-2-1-342x400.png 342w, https:\/\/sheyarte.com\/wp-content\/uploads\/2025\/04\/Mesa-de-trabajo-1-copia-2-1-10x12.png 10w\" sizes=\"auto, (max-width: 600px) 100vw, 600px\" \/>\t\t\t\t\t\t\n\t\t\t\t\t<\/div>\n\t\t\t\t\t\t\t\t\n<style scope=\"scope\">\n\n#image_453741602 {\n  width: 100%;\n}\n<\/style>\n\t<\/div>\n\t\n\n\t<div class=\"img has-hover x md-x lg-x y md-y lg-y\" id=\"image_1460811209\">\n\t\t\t\t\t\t\t\t<div class=\"img-inner dark\" >\n\t\t\t<img loading=\"lazy\" decoding=\"async\" width=\"601\" height=\"701\" src=\"https:\/\/sheyarte.com\/wp-content\/uploads\/2025\/04\/Mesa-de-trabajo-1-copia-19.png\" class=\"attachment-original size-original\" alt=\"\" srcset=\"https:\/\/sheyarte.com\/wp-content\/uploads\/2025\/04\/Mesa-de-trabajo-1-copia-19.png 601w, https:\/\/sheyarte.com\/wp-content\/uploads\/2025\/04\/Mesa-de-trabajo-1-copia-19-510x595.png 510w, https:\/\/sheyarte.com\/wp-content\/uploads\/2025\/04\/Mesa-de-trabajo-1-copia-19-343x400.png 343w, https:\/\/sheyarte.com\/wp-content\/uploads\/2025\/04\/Mesa-de-trabajo-1-copia-19-10x12.png 10w\" sizes=\"auto, (max-width: 601px) 100vw, 601px\" \/>\t\t\t\t\t\t\n\t\t\t\t\t<\/div>\n\t\t\t\t\t\t\t\t\n<style scope=\"scope\">\n\n#image_1460811209 {\n  width: 54%;\n}\n<\/style>\n\t<\/div>\n\t\n\n\n     <\/div>\n\n     <div class=\"loading-spin dark large centered\"><\/div>\n\n     <style scope=\"scope\">\n             <\/style>\n<\/div><!-- .ux-slider-wrapper -->\n\n\n\n<\/div><\/div>\n\n\n<style scope=\"scope\">\n\n<\/style>\n<\/div>\n\n\t\t<\/div><!-- .section-content -->\n\n\t\t\n<style scope=\"scope\">\n\n#section_194458682 {\n  padding-top: 30px;\n  padding-bottom: 30px;\n}\n<\/style>\n\t<\/section>\n\t\n\t<section class=\"section\" id=\"section_991939188\">\n\t\t<div class=\"bg section-bg fill bg-fill  bg-loaded\" >\n\n\t\t\t\n\t\t\t\n\t\t\t\n\n\t\t<\/div><!-- .section-bg -->\n\n\t\t<div class=\"section-content relative\">\n\t\t\t\n\n<div class=\"row align-middle align-center\"  id=\"row-2092723788\">\n\n<div class=\"col medium-5 small-12 large-5\"  ><div class=\"col-inner text-center\"  >\n\n<div class=\"slider-wrapper relative\" id=\"slider-1901053626\" >\n    <div class=\"slider slider-nav-circle slider-nav-large slider-nav-light slider-style-normal\"\n        data-flickity-options='{            \"cellAlign\": \"center\",            \"imagesLoaded\": true,            \"lazyLoad\": 1,            \"freeScroll\": false,            \"wrapAround\": true,            \"autoPlay\": 6000,            \"pauseAutoPlayOnHover\" : true,            \"prevNextButtons\": true,            \"contain\" : true,            \"adaptiveHeight\" : true,            \"dragThreshold\" : 10,            \"percentPosition\": true,            \"pageDots\": true,            \"rightToLeft\": false,            \"draggable\": true,            \"selectedAttraction\": 0.1,            \"parallax\" : 0,            \"friction\": 0.6        }'\n        >\n        \n\n\t<div class=\"img has-hover x md-x lg-x y md-y lg-y\" id=\"image_307252400\">\n\t\t\t\t\t\t\t\t<div class=\"img-inner dark\" >\n\t\t\t<img loading=\"lazy\" decoding=\"async\" width=\"601\" height=\"701\" src=\"https:\/\/sheyarte.com\/wp-content\/uploads\/2025\/04\/Mesa-de-trabajo-1-copia-13-1.png\" class=\"attachment-original size-original\" alt=\"\" srcset=\"https:\/\/sheyarte.com\/wp-content\/uploads\/2025\/04\/Mesa-de-trabajo-1-copia-13-1.png 601w, https:\/\/sheyarte.com\/wp-content\/uploads\/2025\/04\/Mesa-de-trabajo-1-copia-13-1-510x595.png 510w, https:\/\/sheyarte.com\/wp-content\/uploads\/2025\/04\/Mesa-de-trabajo-1-copia-13-1-343x400.png 343w, https:\/\/sheyarte.com\/wp-content\/uploads\/2025\/04\/Mesa-de-trabajo-1-copia-13-1-10x12.png 10w\" sizes=\"auto, (max-width: 601px) 100vw, 601px\" \/>\t\t\t\t\t\t\n\t\t\t\t\t<\/div>\n\t\t\t\t\t\t\t\t\n<style scope=\"scope\">\n\n#image_307252400 {\n  width: 50%;\n}\n<\/style>\n\t<\/div>\n\t\n\n\n     <\/div>\n\n     <div class=\"loading-spin dark large centered\"><\/div>\n\n     <style scope=\"scope\">\n             <\/style>\n<\/div><!-- .ux-slider-wrapper -->\n\n\n\n<\/div><\/div>\n<div class=\"col medium-5 small-12 large-5\"  ><div class=\"col-inner\"  >\n\n<h2><strong>Alisados e Hidrataciones Permanentes<\/strong><\/h2>\n<p>Descubre la suavidad y el brillo que siempre has deseado, con nuestros tratamientos de alisado y hidrataci\u00f3n permanentes<\/p>\n<a class=\"button primary\"  style=\"border-radius:99px;\">\n    <span>M\u00e1s informaci\u00f3n<\/span>\n  <\/a>\n\n\n\n<\/div><\/div>\n\n\n<style scope=\"scope\">\n\n<\/style>\n<\/div>\n\n\t\t<\/div><!-- .section-content -->\n\n\t\t\n<style scope=\"scope\">\n\n#section_991939188 {\n  padding-top: 30px;\n  padding-bottom: 30px;\n}\n<\/style>\n\t<\/section>\n\t\n\t<section class=\"section\" id=\"section_1294088757\">\n\t\t<div class=\"bg section-bg fill bg-fill  bg-loaded\" >\n\n\t\t\t\n\t\t\t\n\t\t\t\n\n\t\t<\/div><!-- .section-bg -->\n\n\t\t<div class=\"section-content relative\">\n\t\t\t\n\n<div class=\"row align-middle align-center\"  id=\"row-1578982006\">\n\n<div class=\"col medium-4 small-12 large-4\"  ><div class=\"col-inner\"  >\n\n<h2><strong>Colorimetr\u00eda<\/strong><\/h2>\n<p>Nuestros expertos en colorimetria te ayudar\u00e1n a encontrar el tono perfecto para tu cabello, realzando tu belleza natural<\/p>\n<a class=\"button primary\"  style=\"border-radius:99px;\">\n    <span>M\u00e1s informaci\u00f3n<\/span>\n  <\/a>\n\n\n\n<\/div><\/div>\n<div class=\"col medium-6 small-12 large-6\"  ><div class=\"col-inner text-center\"  >\n\n<div class=\"slider-wrapper relative\" id=\"slider-626383350\" >\n    <div class=\"slider slider-nav-circle slider-nav-large slider-nav-light slider-style-normal\"\n        data-flickity-options='{            \"cellAlign\": \"center\",            \"imagesLoaded\": true,            \"lazyLoad\": 1,            \"freeScroll\": false,            \"wrapAround\": true,            \"autoPlay\": 6000,            \"pauseAutoPlayOnHover\" : true,            \"prevNextButtons\": true,            \"contain\" : true,            \"adaptiveHeight\" : true,            \"dragThreshold\" : 10,            \"percentPosition\": true,            \"pageDots\": true,            \"rightToLeft\": false,            \"draggable\": true,            \"selectedAttraction\": 0.1,            \"parallax\" : 0,            \"friction\": 0.6        }'\n        >\n        \n\n<div class=\"row align-middle align-center\"  id=\"row-1587260530\">\n\n<div class=\"col medium-10 small-12 large-10\"  ><div class=\"col-inner\"  >\n\n\t<div class=\"img has-hover x md-x lg-x y md-y lg-y\" id=\"image_575434483\">\n\t\t\t\t\t\t\t\t<div class=\"img-inner dark\" >\n\t\t\t<img loading=\"lazy\" decoding=\"async\" width=\"601\" height=\"701\" src=\"https:\/\/sheyarte.com\/wp-content\/uploads\/2025\/04\/Mesa-de-trabajo-1-copia-17-1.png\" class=\"attachment-original size-original\" alt=\"\" srcset=\"https:\/\/sheyarte.com\/wp-content\/uploads\/2025\/04\/Mesa-de-trabajo-1-copia-17-1.png 601w, https:\/\/sheyarte.com\/wp-content\/uploads\/2025\/04\/Mesa-de-trabajo-1-copia-17-1-510x595.png 510w, https:\/\/sheyarte.com\/wp-content\/uploads\/2025\/04\/Mesa-de-trabajo-1-copia-17-1-343x400.png 343w, https:\/\/sheyarte.com\/wp-content\/uploads\/2025\/04\/Mesa-de-trabajo-1-copia-17-1-10x12.png 10w\" sizes=\"auto, (max-width: 601px) 100vw, 601px\" \/>\t\t\t\t\t\t\n\t\t\t\t\t<\/div>\n\t\t\t\t\t\t\t\t\n<style scope=\"scope\">\n\n#image_575434483 {\n  width: 100%;\n}\n<\/style>\n\t<\/div>\n\t\n\n\n<\/div><\/div>\n\n\n<style scope=\"scope\">\n\n<\/style>\n<\/div>\n<div class=\"row align-middle align-center\"  id=\"row-208243008\">\n\n<div class=\"col medium-10 small-12 large-10\"  ><div class=\"col-inner\"  >\n\n\t<div class=\"img has-hover x md-x lg-x y md-y lg-y\" id=\"image_376358731\">\n\t\t\t\t\t\t\t\t<div class=\"img-inner dark\" >\n\t\t\t<img loading=\"lazy\" decoding=\"async\" width=\"601\" height=\"701\" src=\"https:\/\/sheyarte.com\/wp-content\/uploads\/2025\/04\/Mesa-de-trabajo-1-copia-15.png\" class=\"attachment-original size-original\" alt=\"\" srcset=\"https:\/\/sheyarte.com\/wp-content\/uploads\/2025\/04\/Mesa-de-trabajo-1-copia-15.png 601w, https:\/\/sheyarte.com\/wp-content\/uploads\/2025\/04\/Mesa-de-trabajo-1-copia-15-510x595.png 510w, https:\/\/sheyarte.com\/wp-content\/uploads\/2025\/04\/Mesa-de-trabajo-1-copia-15-343x400.png 343w, https:\/\/sheyarte.com\/wp-content\/uploads\/2025\/04\/Mesa-de-trabajo-1-copia-15-10x12.png 10w\" sizes=\"auto, (max-width: 601px) 100vw, 601px\" \/>\t\t\t\t\t\t\n\t\t\t\t\t<\/div>\n\t\t\t\t\t\t\t\t\n<style scope=\"scope\">\n\n#image_376358731 {\n  width: 100%;\n}\n<\/style>\n\t<\/div>\n\t\n\n\n<\/div><\/div>\n\n\n<style scope=\"scope\">\n\n<\/style>\n<\/div>\n<div class=\"row align-middle align-center\"  id=\"row-485095912\">\n\n<div class=\"col medium-10 small-12 large-10\"  ><div class=\"col-inner\"  >\n\n\t<div class=\"img has-hover x md-x lg-x y md-y lg-y\" id=\"image_1151126288\">\n\t\t\t\t\t\t\t\t<div class=\"img-inner dark\" >\n\t\t\t<img loading=\"lazy\" decoding=\"async\" width=\"600\" height=\"701\" src=\"https:\/\/sheyarte.com\/wp-content\/uploads\/2025\/04\/Mesa-de-trabajo-1-copia-18.png\" class=\"attachment-original size-original\" alt=\"\" srcset=\"https:\/\/sheyarte.com\/wp-content\/uploads\/2025\/04\/Mesa-de-trabajo-1-copia-18.png 600w, https:\/\/sheyarte.com\/wp-content\/uploads\/2025\/04\/Mesa-de-trabajo-1-copia-18-510x596.png 510w, https:\/\/sheyarte.com\/wp-content\/uploads\/2025\/04\/Mesa-de-trabajo-1-copia-18-342x400.png 342w, https:\/\/sheyarte.com\/wp-content\/uploads\/2025\/04\/Mesa-de-trabajo-1-copia-18-10x12.png 10w\" sizes=\"auto, (max-width: 600px) 100vw, 600px\" \/>\t\t\t\t\t\t\n\t\t\t\t\t<\/div>\n\t\t\t\t\t\t\t\t\n<style scope=\"scope\">\n\n#image_1151126288 {\n  width: 100%;\n}\n<\/style>\n\t<\/div>\n\t\n\n\n<\/div><\/div>\n\n\n<style scope=\"scope\">\n\n<\/style>\n<\/div>\n\n     <\/div>\n\n     <div class=\"loading-spin dark large centered\"><\/div>\n\n     <style scope=\"scope\">\n             <\/style>\n<\/div><!-- .ux-slider-wrapper -->\n\n\n\n<\/div><\/div>\n\n\n<style scope=\"scope\">\n\n<\/style>\n<\/div>\n\n\t\t<\/div><!-- .section-content -->\n\n\t\t\n<style scope=\"scope\">\n\n#section_1294088757 {\n  padding-top: 30px;\n  padding-bottom: 30px;\n}\n<\/style>\n\t<\/section>","protected":false},"excerpt":{"rendered":"","protected":false},"author":1,"featured_media":0,"parent":0,"menu_order":0,"comment_status":"closed","ping_status":"closed","template":"page-blank.php","meta":{"footnotes":""},"class_list":["post-78","page","type-page","status-publish","hentry"],"_links":{"self":[{"href":"https:\/\/sheyarte.com\/es\/wp-json\/wp\/v2\/pages\/78","targetHints":{"allow":["GET"]}}],"collection":[{"href":"https:\/\/sheyarte.com\/es\/wp-json\/wp\/v2\/pages"}],"about":[{"href":"https:\/\/sheyarte.com\/es\/wp-json\/wp\/v2\/types\/page"}],"author":[{"embeddable":true,"href":"https:\/\/sheyarte.com\/es\/wp-json\/wp\/v2\/users\/1"}],"replies":[{"embeddable":true,"href":"https:\/\/sheyarte.com\/es\/wp-json\/wp\/v2\/comments?post=78"}],"version-history":[{"count":20,"href":"https:\/\/sheyarte.com\/es\/wp-json\/wp\/v2\/pages\/78\/revisions"}],"predecessor-version":[{"id":354,"href":"https:\/\/sheyarte.com\/es\/wp-json\/wp\/v2\/pages\/78\/revisions\/354"}],"wp:attachment":[{"href":"https:\/\/sheyarte.com\/es\/wp-json\/wp\/v2\/media?parent=78"}],"curies":[{"name":"wp","href":"https:\/\/api.w.org\/{rel}","templated":true}]}}